{"id":1109,"date":"2016-11-21T17:43:37","date_gmt":"2016-11-21T17:43:37","guid":{"rendered":"http:\/\/cdn.jevelin.shufflehound.com\/blog1\/?page_id=5"},"modified":"2020-06-24T12:28:32","modified_gmt":"2020-06-24T12:28:32","slug":"inicio","status":"publish","type":"page","link":"https:\/\/www.cronicasdamadrugada.com\/wpc\/","title":{"rendered":"Inicio"},"content":{"rendered":"\n<section class=\"sh-section sh-section-5e10d1d006efe099eab5d9b9a88103af fw-main-row sh-section-visibility-everywhere\">\n\t\n\t\n\t<div class=\"sh-section-container container\">\n\t\t<div class=\"fw-row\">\n\t\n<div class=\"sh-column sh-column-a2ab2eeda2925d6feab984ecf81e8ec7 fw-col-xs-12\" >\n\n\t\n\t<div class=\"sh-column-wrapper\">\n\t\t\t<\/div>\n<\/div>\n<\/div>\n\n\t<\/div>\n<\/section>\n\n","protected":false},"excerpt":{"rendered":"","protected":false},"author":1,"featured_media":0,"parent":0,"menu_order":0,"comment_status":"closed","ping_status":"closed","template":"page-blog.php","meta":{"sfsi_plus_gutenberg_text_before_share":"","sfsi_plus_gutenberg_show_text_before_share":"","sfsi_plus_gutenberg_icon_type":"","sfsi_plus_gutenberg_icon_alignemt":"","sfsi_plus_gutenburg_max_per_row":"","_monsterinsights_skip_tracking":false,"_monsterinsights_sitenote_active":false,"_monsterinsights_sitenote_note":"","_monsterinsights_sitenote_category":0,"footnotes":""},"class_list":["post-1109","page","type-page","status-publish","hentry"],"yoast_head":"<!-- This site is optimized with the Yoast SEO plugin v26.9 - https:\/\/yoast.com\/product\/yoast-seo-wordpress\/ -->\n<title>Inicio | CR\u00d3NICAS DA MADRUGADA<\/title>\n<meta name=\"robots\" content=\"index, follow, max-snippet:-1, max-image-preview:large, max-video-preview:-1\" \/>\n<link rel=\"canonical\" href=\"https:\/\/www.cronicasdamadrugada.com\/wpc\/\" \/>\n<meta property=\"og:locale\" content=\"pt_PT\" \/>\n<meta property=\"og:type\" content=\"article\" \/>\n<meta property=\"og:title\" content=\"Inicio | CR\u00d3NICAS DA MADRUGADA\" \/>\n<meta property=\"og:url\" content=\"https:\/\/www.cronicasdamadrugada.com\/wpc\/\" \/>\n<meta property=\"og:site_name\" content=\"CR\u00d3NICAS DA MADRUGADA\" \/>\n<meta property=\"article:publisher\" content=\"https:\/\/www.facebook.com\/cronicasmadrugada\/\" \/>\n<meta property=\"article:modified_time\" content=\"2020-06-24T12:28:32+00:00\" \/>\n<meta property=\"og:image\" content=\"https:\/\/www.cronicasdamadrugada.com\/wpc\/wp-content\/uploads\/2019\/05\/IMG_1449-6.jpg\" \/>\n\t<meta property=\"og:image:width\" content=\"1441\" \/>\n\t<meta property=\"og:image:height\" content=\"961\" \/>\n\t<meta property=\"og:image:type\" content=\"image\/jpeg\" \/>\n<script type=\"application\/ld+json\" class=\"yoast-schema-graph\">{\"@context\":\"https:\/\/schema.org\",\"@graph\":[{\"@type\":\"WebPage\",\"@id\":\"https:\/\/www.cronicasdamadrugada.com\/wpc\/\",\"url\":\"https:\/\/www.cronicasdamadrugada.com\/wpc\/\",\"name\":\"Inicio | CR\u00d3NICAS DA MADRUGADA\",\"isPartOf\":{\"@id\":\"https:\/\/www.cronicasdamadrugada.com\/wpc\/#website\"},\"datePublished\":\"2016-11-21T17:43:37+00:00\",\"dateModified\":\"2020-06-24T12:28:32+00:00\",\"breadcrumb\":{\"@id\":\"https:\/\/www.cronicasdamadrugada.com\/wpc\/#breadcrumb\"},\"inLanguage\":\"pt-PT\",\"potentialAction\":[{\"@type\":\"ReadAction\",\"target\":[\"https:\/\/www.cronicasdamadrugada.com\/wpc\/\"]}]},{\"@type\":\"BreadcrumbList\",\"@id\":\"https:\/\/www.cronicasdamadrugada.com\/wpc\/#breadcrumb\",\"itemListElement\":[{\"@type\":\"ListItem\",\"position\":1,\"name\":\"Home\",\"item\":\"https:\/\/www.cronicasdamadrugada.com\/wpc\/\"},{\"@type\":\"ListItem\",\"position\":2,\"name\":\"Inicio\"}]},{\"@type\":\"WebSite\",\"@id\":\"https:\/\/www.cronicasdamadrugada.com\/wpc\/#website\",\"url\":\"https:\/\/www.cronicasdamadrugada.com\/wpc\/\",\"name\":\"CR\u00d3NICAS DA MADRUGADA\",\"description\":\"Reportagens, aventuras, viagens, mist\u00e9rios, cultura, emo\u00e7\u00f5es. Um mundo feito de p\u00e1ginas e cafe\u00edna para acompanhar as madrugadas mais solit\u00e1rias.\",\"potentialAction\":[{\"@type\":\"SearchAction\",\"target\":{\"@type\":\"EntryPoint\",\"urlTemplate\":\"https:\/\/www.cronicasdamadrugada.com\/wpc\/?s={search_term_string}\"},\"query-input\":{\"@type\":\"PropertyValueSpecification\",\"valueRequired\":true,\"valueName\":\"search_term_string\"}}],\"inLanguage\":\"pt-PT\"}]}<\/script>\n<!-- \/ Yoast SEO plugin. -->","yoast_head_json":{"title":"Inicio | CR\u00d3NICAS DA MADRUGADA","robots":{"index":"index","follow":"follow","max-snippet":"max-snippet:-1","max-image-preview":"max-image-preview:large","max-video-preview":"max-video-preview:-1"},"canonical":"https:\/\/www.cronicasdamadrugada.com\/wpc\/","og_locale":"pt_PT","og_type":"article","og_title":"Inicio | CR\u00d3NICAS DA MADRUGADA","og_url":"https:\/\/www.cronicasdamadrugada.com\/wpc\/","og_site_name":"CR\u00d3NICAS DA MADRUGADA","article_publisher":"https:\/\/www.facebook.com\/cronicasmadrugada\/","article_modified_time":"2020-06-24T12:28:32+00:00","og_image":[{"width":1441,"height":961,"url":"https:\/\/www.cronicasdamadrugada.com\/wpc\/wp-content\/uploads\/2019\/05\/IMG_1449-6.jpg","type":"image\/jpeg"}],"schema":{"@context":"https:\/\/schema.org","@graph":[{"@type":"WebPage","@id":"https:\/\/www.cronicasdamadrugada.com\/wpc\/","url":"https:\/\/www.cronicasdamadrugada.com\/wpc\/","name":"Inicio | CR\u00d3NICAS DA MADRUGADA","isPartOf":{"@id":"https:\/\/www.cronicasdamadrugada.com\/wpc\/#website"},"datePublished":"2016-11-21T17:43:37+00:00","dateModified":"2020-06-24T12:28:32+00:00","breadcrumb":{"@id":"https:\/\/www.cronicasdamadrugada.com\/wpc\/#breadcrumb"},"inLanguage":"pt-PT","potentialAction":[{"@type":"ReadAction","target":["https:\/\/www.cronicasdamadrugada.com\/wpc\/"]}]},{"@type":"BreadcrumbList","@id":"https:\/\/www.cronicasdamadrugada.com\/wpc\/#breadcrumb","itemListElement":[{"@type":"ListItem","position":1,"name":"Home","item":"https:\/\/www.cronicasdamadrugada.com\/wpc\/"},{"@type":"ListItem","position":2,"name":"Inicio"}]},{"@type":"WebSite","@id":"https:\/\/www.cronicasdamadrugada.com\/wpc\/#website","url":"https:\/\/www.cronicasdamadrugada.com\/wpc\/","name":"CR\u00d3NICAS DA MADRUGADA","description":"Reportagens, aventuras, viagens, mist\u00e9rios, cultura, emo\u00e7\u00f5es. Um mundo feito de p\u00e1ginas e cafe\u00edna para acompanhar as madrugadas mais solit\u00e1rias.","potentialAction":[{"@type":"SearchAction","target":{"@type":"EntryPoint","urlTemplate":"https:\/\/www.cronicasdamadrugada.com\/wpc\/?s={search_term_string}"},"query-input":{"@type":"PropertyValueSpecification","valueRequired":true,"valueName":"search_term_string"}}],"inLanguage":"pt-PT"}]}},"_links":{"self":[{"href":"https:\/\/www.cronicasdamadrugada.com\/wpc\/wp-json\/wp\/v2\/pages\/1109","targetHints":{"allow":["GET"]}}],"collection":[{"href":"https:\/\/www.cronicasdamadrugada.com\/wpc\/wp-json\/wp\/v2\/pages"}],"about":[{"href":"https:\/\/www.cronicasdamadrugada.com\/wpc\/wp-json\/wp\/v2\/types\/page"}],"author":[{"embeddable":true,"href":"https:\/\/www.cronicasdamadrugada.com\/wpc\/wp-json\/wp\/v2\/users\/1"}],"replies":[{"embeddable":true,"href":"https:\/\/www.cronicasdamadrugada.com\/wpc\/wp-json\/wp\/v2\/comments?post=1109"}],"version-history":[{"count":3,"href":"https:\/\/www.cronicasdamadrugada.com\/wpc\/wp-json\/wp\/v2\/pages\/1109\/revisions"}],"predecessor-version":[{"id":1148,"href":"https:\/\/www.cronicasdamadrugada.com\/wpc\/wp-json\/wp\/v2\/pages\/1109\/revisions\/1148"}],"wp:attachment":[{"href":"https:\/\/www.cronicasdamadrugada.com\/wpc\/wp-json\/wp\/v2\/media?parent=1109"}],"curies":[{"name":"wp","href":"https:\/\/api.w.org\/{rel}","templated":true}]}}