{"id":18,"date":"2015-02-17T00:46:51","date_gmt":"2015-02-17T00:46:51","guid":{"rendered":"http:\/\/cronicasdamadrugada.com\/wpc\/?page_id=18"},"modified":"2019-05-02T19:39:51","modified_gmt":"2019-05-02T19:39:51","slug":"guestbook","status":"publish","type":"page","link":"https:\/\/www.cronicasdamadrugada.com\/wpc\/guestbook\/","title":{"rendered":"Guestbook"},"content":{"rendered":"<p><a href=\"https:\/\/www.cronicasdamadrugada.com\/wpc\/wp-content\/uploads\/2019\/05\/IMG_1466.jpg\"><img loading=\"lazy\" decoding=\"async\" class=\"aligncenter wp-image-1211 size-full\" src=\"https:\/\/www.cronicasdamadrugada.com\/wpc\/wp-content\/uploads\/2019\/05\/IMG_1466.jpg\" alt=\"\" width=\"3750\" height=\"2500\" srcset=\"https:\/\/www.cronicasdamadrugada.com\/wpc\/wp-content\/uploads\/2019\/05\/IMG_1466.jpg 3750w, https:\/\/www.cronicasdamadrugada.com\/wpc\/wp-content\/uploads\/2019\/05\/IMG_1466-300x200.jpg 300w, https:\/\/www.cronicasdamadrugada.com\/wpc\/wp-content\/uploads\/2019\/05\/IMG_1466-768x512.jpg 768w, https:\/\/www.cronicasdamadrugada.com\/wpc\/wp-content\/uploads\/2019\/05\/IMG_1466-1024x683.jpg 1024w, https:\/\/www.cronicasdamadrugada.com\/wpc\/wp-content\/uploads\/2019\/05\/IMG_1466-600x400.jpg 600w\" sizes=\"auto, (max-width: 3750px) 100vw, 3750px\" \/><\/a><\/p>\n","protected":false},"excerpt":{"rendered":"","protected":false},"author":1,"featured_media":0,"parent":0,"menu_order":0,"comment_status":"open","ping_status":"open","template":"","meta":{"sfsi_plus_gutenberg_text_before_share":"","sfsi_plus_gutenberg_show_text_before_share":"","sfsi_plus_gutenberg_icon_type":"","sfsi_plus_gutenberg_icon_alignemt":"","sfsi_plus_gutenburg_max_per_row":"","_monsterinsights_skip_tracking":false,"_monsterinsights_sitenote_active":false,"_monsterinsights_sitenote_note":"","_monsterinsights_sitenote_category":0,"footnotes":""},"class_list":["post-18","page","type-page","status-publish","hentry"],"yoast_head":"<!-- This site is optimized with the Yoast SEO plugin v26.9 - https:\/\/yoast.com\/product\/yoast-seo-wordpress\/ -->\n<title>Guestbook | CR\u00d3NICAS DA MADRUGADA<\/title>\n<meta name=\"robots\" content=\"index, follow, max-snippet:-1, max-image-preview:large, max-video-preview:-1\" \/>\n<link rel=\"canonical\" href=\"https:\/\/www.cronicasdamadrugada.com\/wpc\/guestbook\/\" \/>\n<meta property=\"og:locale\" content=\"pt_PT\" \/>\n<meta property=\"og:type\" content=\"article\" \/>\n<meta property=\"og:title\" content=\"Guestbook | CR\u00d3NICAS DA MADRUGADA\" \/>\n<meta property=\"og:url\" content=\"https:\/\/www.cronicasdamadrugada.com\/wpc\/guestbook\/\" \/>\n<meta property=\"og:site_name\" content=\"CR\u00d3NICAS DA MADRUGADA\" \/>\n<meta property=\"article:publisher\" content=\"https:\/\/www.facebook.com\/cronicasmadrugada\/\" \/>\n<meta property=\"article:modified_time\" content=\"2019-05-02T19:39:51+00:00\" \/>\n<meta property=\"og:image\" content=\"https:\/\/www.cronicasdamadrugada.com\/wpc\/wp-content\/uploads\/2019\/05\/IMG_1466.jpg\" \/>\n<script type=\"application\/ld+json\" class=\"yoast-schema-graph\">{\"@context\":\"https:\/\/schema.org\",\"@graph\":[{\"@type\":\"WebPage\",\"@id\":\"https:\/\/www.cronicasdamadrugada.com\/wpc\/guestbook\/\",\"url\":\"https:\/\/www.cronicasdamadrugada.com\/wpc\/guestbook\/\",\"name\":\"Guestbook | CR\u00d3NICAS DA MADRUGADA\",\"isPartOf\":{\"@id\":\"https:\/\/www.cronicasdamadrugada.com\/wpc\/#website\"},\"primaryImageOfPage\":{\"@id\":\"https:\/\/www.cronicasdamadrugada.com\/wpc\/guestbook\/#primaryimage\"},\"image\":{\"@id\":\"https:\/\/www.cronicasdamadrugada.com\/wpc\/guestbook\/#primaryimage\"},\"thumbnailUrl\":\"https:\/\/www.cronicasdamadrugada.com\/wpc\/wp-content\/uploads\/2019\/05\/IMG_1466.jpg\",\"datePublished\":\"2015-02-17T00:46:51+00:00\",\"dateModified\":\"2019-05-02T19:39:51+00:00\",\"breadcrumb\":{\"@id\":\"https:\/\/www.cronicasdamadrugada.com\/wpc\/guestbook\/#breadcrumb\"},\"inLanguage\":\"pt-PT\",\"potentialAction\":[{\"@type\":\"ReadAction\",\"target\":[\"https:\/\/www.cronicasdamadrugada.com\/wpc\/guestbook\/\"]}]},{\"@type\":\"ImageObject\",\"inLanguage\":\"pt-PT\",\"@id\":\"https:\/\/www.cronicasdamadrugada.com\/wpc\/guestbook\/#primaryimage\",\"url\":\"https:\/\/www.cronicasdamadrugada.com\/wpc\/wp-content\/uploads\/2019\/05\/IMG_1466.jpg\",\"contentUrl\":\"https:\/\/www.cronicasdamadrugada.com\/wpc\/wp-content\/uploads\/2019\/05\/IMG_1466.jpg\",\"width\":3750,\"height\":2500},{\"@type\":\"BreadcrumbList\",\"@id\":\"https:\/\/www.cronicasdamadrugada.com\/wpc\/guestbook\/#breadcrumb\",\"itemListElement\":[{\"@type\":\"ListItem\",\"position\":1,\"name\":\"Home\",\"item\":\"https:\/\/www.cronicasdamadrugada.com\/wpc\/\"},{\"@type\":\"ListItem\",\"position\":2,\"name\":\"Guestbook\"}]},{\"@type\":\"WebSite\",\"@id\":\"https:\/\/www.cronicasdamadrugada.com\/wpc\/#website\",\"url\":\"https:\/\/www.cronicasdamadrugada.com\/wpc\/\",\"name\":\"CR\u00d3NICAS DA MADRUGADA\",\"description\":\"Reportagens, aventuras, viagens, mist\u00e9rios, cultura, emo\u00e7\u00f5es. Um mundo feito de p\u00e1ginas e cafe\u00edna para acompanhar as madrugadas mais solit\u00e1rias.\",\"potentialAction\":[{\"@type\":\"SearchAction\",\"target\":{\"@type\":\"EntryPoint\",\"urlTemplate\":\"https:\/\/www.cronicasdamadrugada.com\/wpc\/?s={search_term_string}\"},\"query-input\":{\"@type\":\"PropertyValueSpecification\",\"valueRequired\":true,\"valueName\":\"search_term_string\"}}],\"inLanguage\":\"pt-PT\"}]}<\/script>\n<!-- \/ Yoast SEO plugin. -->","yoast_head_json":{"title":"Guestbook | CR\u00d3NICAS DA MADRUGADA","robots":{"index":"index","follow":"follow","max-snippet":"max-snippet:-1","max-image-preview":"max-image-preview:large","max-video-preview":"max-video-preview:-1"},"canonical":"https:\/\/www.cronicasdamadrugada.com\/wpc\/guestbook\/","og_locale":"pt_PT","og_type":"article","og_title":"Guestbook | CR\u00d3NICAS DA MADRUGADA","og_url":"https:\/\/www.cronicasdamadrugada.com\/wpc\/guestbook\/","og_site_name":"CR\u00d3NICAS DA MADRUGADA","article_publisher":"https:\/\/www.facebook.com\/cronicasmadrugada\/","article_modified_time":"2019-05-02T19:39:51+00:00","og_image":[{"url":"https:\/\/www.cronicasdamadrugada.com\/wpc\/wp-content\/uploads\/2019\/05\/IMG_1466.jpg","type":"","width":"","height":""}],"schema":{"@context":"https:\/\/schema.org","@graph":[{"@type":"WebPage","@id":"https:\/\/www.cronicasdamadrugada.com\/wpc\/guestbook\/","url":"https:\/\/www.cronicasdamadrugada.com\/wpc\/guestbook\/","name":"Guestbook | CR\u00d3NICAS DA MADRUGADA","isPartOf":{"@id":"https:\/\/www.cronicasdamadrugada.com\/wpc\/#website"},"primaryImageOfPage":{"@id":"https:\/\/www.cronicasdamadrugada.com\/wpc\/guestbook\/#primaryimage"},"image":{"@id":"https:\/\/www.cronicasdamadrugada.com\/wpc\/guestbook\/#primaryimage"},"thumbnailUrl":"https:\/\/www.cronicasdamadrugada.com\/wpc\/wp-content\/uploads\/2019\/05\/IMG_1466.jpg","datePublished":"2015-02-17T00:46:51+00:00","dateModified":"2019-05-02T19:39:51+00:00","breadcrumb":{"@id":"https:\/\/www.cronicasdamadrugada.com\/wpc\/guestbook\/#breadcrumb"},"inLanguage":"pt-PT","potentialAction":[{"@type":"ReadAction","target":["https:\/\/www.cronicasdamadrugada.com\/wpc\/guestbook\/"]}]},{"@type":"ImageObject","inLanguage":"pt-PT","@id":"https:\/\/www.cronicasdamadrugada.com\/wpc\/guestbook\/#primaryimage","url":"https:\/\/www.cronicasdamadrugada.com\/wpc\/wp-content\/uploads\/2019\/05\/IMG_1466.jpg","contentUrl":"https:\/\/www.cronicasdamadrugada.com\/wpc\/wp-content\/uploads\/2019\/05\/IMG_1466.jpg","width":3750,"height":2500},{"@type":"BreadcrumbList","@id":"https:\/\/www.cronicasdamadrugada.com\/wpc\/guestbook\/#breadcrumb","itemListElement":[{"@type":"ListItem","position":1,"name":"Home","item":"https:\/\/www.cronicasdamadrugada.com\/wpc\/"},{"@type":"ListItem","position":2,"name":"Guestbook"}]},{"@type":"WebSite","@id":"https:\/\/www.cronicasdamadrugada.com\/wpc\/#website","url":"https:\/\/www.cronicasdamadrugada.com\/wpc\/","name":"CR\u00d3NICAS DA MADRUGADA","description":"Reportagens, aventuras, viagens, mist\u00e9rios, cultura, emo\u00e7\u00f5es. Um mundo feito de p\u00e1ginas e cafe\u00edna para acompanhar as madrugadas mais solit\u00e1rias.","potentialAction":[{"@type":"SearchAction","target":{"@type":"EntryPoint","urlTemplate":"https:\/\/www.cronicasdamadrugada.com\/wpc\/?s={search_term_string}"},"query-input":{"@type":"PropertyValueSpecification","valueRequired":true,"valueName":"search_term_string"}}],"inLanguage":"pt-PT"}]}},"_links":{"self":[{"href":"https:\/\/www.cronicasdamadrugada.com\/wpc\/wp-json\/wp\/v2\/pages\/18","targetHints":{"allow":["GET"]}}],"collection":[{"href":"https:\/\/www.cronicasdamadrugada.com\/wpc\/wp-json\/wp\/v2\/pages"}],"about":[{"href":"https:\/\/www.cronicasdamadrugada.com\/wpc\/wp-json\/wp\/v2\/types\/page"}],"author":[{"embeddable":true,"href":"https:\/\/www.cronicasdamadrugada.com\/wpc\/wp-json\/wp\/v2\/users\/1"}],"replies":[{"embeddable":true,"href":"https:\/\/www.cronicasdamadrugada.com\/wpc\/wp-json\/wp\/v2\/comments?post=18"}],"version-history":[{"count":6,"href":"https:\/\/www.cronicasdamadrugada.com\/wpc\/wp-json\/wp\/v2\/pages\/18\/revisions"}],"predecessor-version":[{"id":1212,"href":"https:\/\/www.cronicasdamadrugada.com\/wpc\/wp-json\/wp\/v2\/pages\/18\/revisions\/1212"}],"wp:attachment":[{"href":"https:\/\/www.cronicasdamadrugada.com\/wpc\/wp-json\/wp\/v2\/media?parent=18"}],"curies":[{"name":"wp","href":"https:\/\/api.w.org\/{rel}","templated":true}]}}